{"id":13804,"date":"2024-11-28T13:46:33","date_gmt":"2024-11-28T12:46:33","guid":{"rendered":"https:\/\/marsquest.eu\/?page_id=13804"},"modified":"2025-01-16T21:40:46","modified_gmt":"2025-01-16T20:40:46","slug":"nasza-wizja","status":"publish","type":"page","link":"https:\/\/marsquest.eu\/de\/nasza-wizja\/","title":{"rendered":"Unsere Vision"},"content":{"rendered":"<div data-elementor-type=\"wp-page\" data-elementor-id=\"13804\" class=\"elementor elementor-13804\" data-elementor-post-type=\"page\">\n\t\t\t\t\t\t<section class=\"elementor-section elementor-top-section elementor-element elementor-element-1b3a523 rey-section-bg--classic rey-section-stretched elementor-section-boxed elementor-section-height-default elementor-section-height-default\" data-id=\"1b3a523\" data-element_type=\"section\" data-settings=\"{&quot;background_background&quot;:&quot;classic&quot;}\">\n\t\t\t\t\t\t<div class=\"elementor-container elementor-column-gap-default\">\n\t\t\t\t\t<div class=\"elementor-column elementor-col-100 elementor-top-column elementor-element elementor-element-98a14ee\" data-id=\"98a14ee\" data-element_type=\"column\">\n\t\t\t<div class=\"elementor-column-wrap--98a14ee elementor-widget-wrap elementor-element-populated\">\n\t\t\t\t\t\t<div class=\"elementor-element elementor-element-9917137 elementor-widget elementor-widget-heading\" data-id=\"9917137\" data-element_type=\"widget\" data-widget_type=\"heading.default\">\n\t\t\t\t<div class=\"elementor-widget-container\">\n\t\t\t\t\t<h2 class=\"elementor-heading-title elementor-size-default\">Wizja<\/h2>\t\t\t\t<\/div>\n\t\t\t\t<\/div>\n\t\t\t\t<div class=\"elementor-element elementor-element-ef346fd elementor-widget-divider--view-line elementor-widget elementor-widget-divider\" data-id=\"ef346fd\" data-element_type=\"widget\" data-widget_type=\"divider.default\">\n\t\t\t\t<div class=\"elementor-widget-container\">\n\t\t\t\t\t\t\t<div class=\"elementor-divider\">\n\t\t\t<span class=\"elementor-divider-separator\">\n\t\t\t\t\t\t<\/span>\n\t\t<\/div>\n\t\t\t\t\t\t<\/div>\n\t\t\t\t<\/div>\n\t\t\t\t\t<\/div>\n\t\t<\/div>\n\t\t\t\t\t<\/div>\n\t\t<\/section>\n\t\t\t\t<section class=\"elementor-section elementor-top-section elementor-element elementor-element-770b8a0 elementor-section-full_width kontakt elementor-section-height-default elementor-section-height-default\" data-id=\"770b8a0\" data-element_type=\"section\" id=\"kontakt\">\n\t\t\t\t\t\t<div class=\"elementor-container elementor-column-gap-default\">\n\t\t\t\t\t<div class=\"elementor-column elementor-col-100 elementor-top-column elementor-element elementor-element-c6fd66a\" data-id=\"c6fd66a\" data-element_type=\"column\">\n\t\t\t<div class=\"elementor-column-wrap--c6fd66a elementor-widget-wrap elementor-element-populated\">\n\t\t\t\t\t\t<div class=\"elementor-element elementor-element-7f1e003 elementor-widget elementor-widget-heading\" data-id=\"7f1e003\" data-element_type=\"widget\" data-widget_type=\"heading.default\">\n\t\t\t\t<div class=\"elementor-widget-container\">\n\t\t\t\t\t<h2 class=\"elementor-heading-title elementor-size-default\">Marsquest<\/h2>\t\t\t\t<\/div>\n\t\t\t\t<\/div>\n\t\t\t\t\t<\/div>\n\t\t<\/div>\n\t\t\t\t\t<\/div>\n\t\t<\/section>\n\t\t\t\t<section class=\"elementor-section elementor-top-section elementor-element elementor-element-bd80994 elementor-section-boxed elementor-section-height-default elementor-section-height-default\" data-id=\"bd80994\" data-element_type=\"section\">\n\t\t\t\t\t\t<div class=\"elementor-container elementor-column-gap-default\">\n\t\t\t\t\t<div class=\"elementor-column elementor-col-100 elementor-top-column elementor-element elementor-element-7a8d48a rey-colbg--classic\" data-id=\"7a8d48a\" data-element_type=\"column\" data-settings=\"{&quot;background_background&quot;:&quot;classic&quot;}\">\n\t\t\t<div class=\"elementor-column-wrap--7a8d48a elementor-widget-wrap elementor-element-populated\">\n\t\t\t\t\t\t<div class=\"elementor-element elementor-element-8448d0b elementor-widget elementor-widget-text-editor\" data-id=\"8448d0b\" data-element_type=\"widget\" data-widget_type=\"text-editor.default\">\n\t\t\t\t<div class=\"elementor-widget-container\">\n\t\t\t\t\t\t\t\t\t<p>Przez prawie dekad\u0119 MarsQuest sprzedawa\u0142 wysokiej jako\u015bci okulary przeciws\u0142oneczne z elastycznymi oprawkami i odpornymi na zarysowania soczewkami polaryzacyjnymi ponad 50 milionom klient\u00f3w w Stanach Zjednoczonych, Kanadzie i innych cz\u0119\u015bciach \u015bwiata. Dzi\u015b poszerzamy nasze horyzonty, aby z \u0142atwo\u015bci\u0105 dotrze\u0107 do europejskich konsument\u00f3w dzi\u0119ki scentralizowanej dostawie do wszystkich kraj\u00f3w na kontynencie europejskim. Z siedzib\u0105 w Polsce, chcemy dostarczy\u0107 Ci te same okulary o doskona\u0142ej jako\u015bci i atrakcyjnych cenach. Przygotuj si\u0119 na ostatnie okulary przeciws\u0142oneczne, jakie kiedykolwiek kupisz!<\/p>\t\t\t\t\t\t\t\t<\/div>\n\t\t\t\t<\/div>\n\t\t\t\t\t<\/div>\n\t\t<\/div>\n\t\t\t\t\t<\/div>\n\t\t<\/section>\n\t\t\t\t<section class=\"elementor-section elementor-top-section elementor-element elementor-element-9cb87cc elementor-section-boxed elementor-section-height-default elementor-section-height-default\" data-id=\"9cb87cc\" data-element_type=\"section\">\n\t\t\t\t\t\t<div class=\"elementor-container elementor-column-gap-default\">\n\t\t\t\t\t<div class=\"elementor-column elementor-col-100 elementor-top-column elementor-element elementor-element-b273ffd\" data-id=\"b273ffd\" data-element_type=\"column\">\n\t\t\t<div class=\"elementor-column-wrap--b273ffd elementor-widget-wrap elementor-element-populated\">\n\t\t\t\t\t\t<section class=\"elementor-section elementor-inner-section elementor-element elementor-element-9bb6b29 elementor-section-boxed elementor-section-height-default elementor-section-height-default\" data-id=\"9bb6b29\" data-element_type=\"section\">\n\t\t\t\t\t\t<div class=\"elementor-container elementor-column-gap-narrow\">\n\t\t\t\t\t<div class=\"elementor-column elementor-col-50 elementor-inner-column elementor-element elementor-element-2e39d91\" data-id=\"2e39d91\" data-element_type=\"column\">\n\t\t\t<div class=\"elementor-column-wrap--2e39d91 elementor-widget-wrap elementor-element-populated\">\n\t\t\t\t\t\t<div class=\"elementor-element elementor-element-ed666ce elementor-widget elementor-widget-image\" data-id=\"ed666ce\" data-element_type=\"widget\" data-widget_type=\"image.default\">\n\t\t\t\t<div class=\"elementor-widget-container\">\n\t\t\t\t\t\t\t\t\t\t\t\t\t\t\t<img fetchpriority=\"high\" decoding=\"async\" width=\"1000\" height=\"1000\" src=\"https:\/\/marsquest.eu\/wp-content\/uploads\/2024\/11\/2-3.png\" class=\"attachment-large size-large wp-image-13806\" alt=\"\" srcset=\"https:\/\/marsquest.eu\/wp-content\/uploads\/2024\/11\/2-3.png 1000w, https:\/\/marsquest.eu\/wp-content\/uploads\/2024\/11\/2-3-300x300.png 300w, https:\/\/marsquest.eu\/wp-content\/uploads\/2024\/11\/2-3-150x150.png 150w, https:\/\/marsquest.eu\/wp-content\/uploads\/2024\/11\/2-3-768x768.png 768w, https:\/\/marsquest.eu\/wp-content\/uploads\/2024\/11\/2-3-12x12.png 12w, https:\/\/marsquest.eu\/wp-content\/uploads\/2024\/11\/2-3-650x650.png 650w, https:\/\/marsquest.eu\/wp-content\/uploads\/2024\/11\/2-3-600x600.png 600w, https:\/\/marsquest.eu\/wp-content\/uploads\/2024\/11\/2-3-100x100.png 100w\" sizes=\"(max-width: 1000px) 100vw, 1000px\" \/>\t\t\t\t\t\t\t\t\t\t\t\t\t\t\t<\/div>\n\t\t\t\t<\/div>\n\t\t\t\t\t<\/div>\n\t\t<\/div>\n\t\t\t\t<div class=\"elementor-column elementor-col-50 elementor-inner-column elementor-element elementor-element-aea3421\" data-id=\"aea3421\" data-element_type=\"column\">\n\t\t\t<div class=\"elementor-column-wrap--aea3421 elementor-widget-wrap elementor-element-populated\">\n\t\t\t\t\t\t<div class=\"elementor-element elementor-element-7145463 elementor-widget elementor-widget-image\" data-id=\"7145463\" data-element_type=\"widget\" data-widget_type=\"image.default\">\n\t\t\t\t<div class=\"elementor-widget-container\">\n\t\t\t\t\t\t\t\t\t\t\t\t\t\t\t<img decoding=\"async\" width=\"1000\" height=\"1000\" src=\"https:\/\/marsquest.eu\/wp-content\/uploads\/2024\/11\/1-3.png\" class=\"attachment-large size-large wp-image-13805\" alt=\"\" srcset=\"https:\/\/marsquest.eu\/wp-content\/uploads\/2024\/11\/1-3.png 1000w, https:\/\/marsquest.eu\/wp-content\/uploads\/2024\/11\/1-3-300x300.png 300w, https:\/\/marsquest.eu\/wp-content\/uploads\/2024\/11\/1-3-150x150.png 150w, https:\/\/marsquest.eu\/wp-content\/uploads\/2024\/11\/1-3-768x768.png 768w, https:\/\/marsquest.eu\/wp-content\/uploads\/2024\/11\/1-3-12x12.png 12w, https:\/\/marsquest.eu\/wp-content\/uploads\/2024\/11\/1-3-650x650.png 650w, https:\/\/marsquest.eu\/wp-content\/uploads\/2024\/11\/1-3-600x600.png 600w, https:\/\/marsquest.eu\/wp-content\/uploads\/2024\/11\/1-3-100x100.png 100w\" sizes=\"(max-width: 1000px) 100vw, 1000px\" \/>\t\t\t\t\t\t\t\t\t\t\t\t\t\t\t<\/div>\n\t\t\t\t<\/div>\n\t\t\t\t\t<\/div>\n\t\t<\/div>\n\t\t\t\t\t<\/div>\n\t\t<\/section>\n\t\t\t\t<section class=\"elementor-section elementor-inner-section elementor-element elementor-element-f046967 elementor-section-boxed elementor-section-height-default elementor-section-height-default\" data-id=\"f046967\" data-element_type=\"section\">\n\t\t\t\t\t\t<div class=\"elementor-container elementor-column-gap-default\">\n\t\t\t\t\t<div class=\"elementor-column elementor-col-100 elementor-inner-column elementor-element elementor-element-9ec1aeb rey-colbg--classic\" data-id=\"9ec1aeb\" data-element_type=\"column\" data-settings=\"{&quot;background_background&quot;:&quot;classic&quot;}\">\n\t\t\t<div class=\"elementor-column-wrap--9ec1aeb elementor-widget-wrap elementor-element-populated\">\n\t\t\t\t\t\t<div class=\"elementor-element elementor-element-985d7e7 elementor-widget elementor-widget-spacer\" data-id=\"985d7e7\" data-element_type=\"widget\" data-widget_type=\"spacer.default\">\n\t\t\t\t<div class=\"elementor-widget-container\">\n\t\t\t\t\t\t\t<div class=\"elementor-spacer\">\n\t\t\t<div class=\"elementor-spacer-inner\"><\/div>\n\t\t<\/div>\n\t\t\t\t\t\t<\/div>\n\t\t\t\t<\/div>\n\t\t\t\t\t<\/div>\n\t\t<\/div>\n\t\t\t\t\t<\/div>\n\t\t<\/section>\n\t\t\t\t\t<\/div>\n\t\t<\/div>\n\t\t\t\t\t<\/div>\n\t\t<\/section>\n\t\t\t\t<\/div>","protected":false},"excerpt":{"rendered":"<p>Wizja Marsquest Przez prawie dekad\u0119 MarsQuest sprzedawa\u0142 wysokiej jako\u015bci okulary przeciws\u0142oneczne z elastycznymi oprawkami i odpornymi na zarysowania soczewkami polaryzacyjnymi ponad 50 milionom klient\u00f3w w Stanach Zjednoczonych, Kanadzie i innych cz\u0119\u015bciach \u015bwiata. Dzi\u015b poszerzamy nasze horyzonty, aby z \u0142atwo\u015bci\u0105 dotrze\u0107 do europejskich konsument\u00f3w dzi\u0119ki scentralizowanej dostawie do wszystkich kraj\u00f3w na kontynencie europejskim. Z siedzib\u0105 w [&hellip;]<\/p>","protected":false},"author":1,"featured_media":0,"parent":0,"menu_order":0,"comment_status":"closed","ping_status":"closed","template":"template-builder.php","meta":{"_acf_changed":false,"footnotes":""},"class_list":["post-13804","page","type-page","status-publish","hentry"],"acf":[],"_links":{"self":[{"href":"https:\/\/marsquest.eu\/de\/wp-json\/wp\/v2\/pages\/13804","targetHints":{"allow":["GET"]}}],"collection":[{"href":"https:\/\/marsquest.eu\/de\/wp-json\/wp\/v2\/pages"}],"about":[{"href":"https:\/\/marsquest.eu\/de\/wp-json\/wp\/v2\/types\/page"}],"author":[{"embeddable":true,"href":"https:\/\/marsquest.eu\/de\/wp-json\/wp\/v2\/users\/1"}],"replies":[{"embeddable":true,"href":"https:\/\/marsquest.eu\/de\/wp-json\/wp\/v2\/comments?post=13804"}],"version-history":[{"count":0,"href":"https:\/\/marsquest.eu\/de\/wp-json\/wp\/v2\/pages\/13804\/revisions"}],"wp:attachment":[{"href":"https:\/\/marsquest.eu\/de\/wp-json\/wp\/v2\/media?parent=13804"}],"curies":[{"name":"wp","href":"https:\/\/api.w.org\/{rel}","templated":true}]}}