{"id":14051,"date":"2024-12-04T15:16:50","date_gmt":"2024-12-04T14:16:50","guid":{"rendered":"https:\/\/marsquest.eu\/privacy-policy\/"},"modified":"2025-04-05T06:55:03","modified_gmt":"2025-04-05T04:55:03","slug":"polityka-prywatnosci","status":"publish","type":"page","link":"https:\/\/marsquest.eu\/de\/polityka-prywatnosci\/","title":{"rendered":"Datenschutzrichtlinie"},"content":{"rendered":"<div data-elementor-type=\"wp-page\" data-elementor-id=\"14051\" class=\"elementor elementor-14051\" data-elementor-post-type=\"page\">\n\t\t\t\t\t\t<section class=\"elementor-section elementor-top-section elementor-element elementor-element-3bffb1b6 elementor-section-boxed elementor-section-height-default elementor-section-height-default\" data-id=\"3bffb1b6\" data-element_type=\"section\">\n\t\t\t\t\t\t<div class=\"elementor-container elementor-column-gap-default\">\n\t\t\t\t\t<div class=\"elementor-column elementor-col-100 elementor-top-column elementor-element elementor-element-cdce5d5\" data-id=\"cdce5d5\" data-element_type=\"column\">\n\t\t\t<div class=\"elementor-column-wrap--cdce5d5 elementor-widget-wrap elementor-element-populated\">\n\t\t\t\t\t\t<div class=\"elementor-element elementor-element-74aa1693 elementor-widget elementor-widget-text-editor\" data-id=\"74aa1693\" data-element_type=\"widget\" data-widget_type=\"text-editor.default\">\n\t\t\t\t<div class=\"elementor-widget-container\">\n\t\t\t\t\t\t\t\t\t<p>Niniejsza Polityka Prywatno\u015bci okre\u015bla zasady gromadzenia, przetwarzania i wykorzystywania danych osobowych pozyskanych od U\u017cytkownik\u00f3w przez Anita Wrzeszcz BYTU DESIGN, ul. Zielony Stok 4\/4, 80-119 Gda\u0144sk, Polska, NIP 8513128330, za po\u015brednictwem Sklepu internetowego, dzia\u0142aj\u0105cego pod adresem <a href=\"https:\/\/marsquest.eu\/de\/\">www.marsquest.eu<\/a>.<\/p>\n<p><!-- \/wp:paragraph --><\/p>\n<p><!-- wp:paragraph --><\/p>\n<p>Administratorem Danych Osobowych jest firma Anita Wrzeszcz BYTU DESIGN. Wszystkie dane osobowe gromadzone s\u0105 z nale\u017cyt\u0105 staranno\u015bci\u0105 i odpowiednio chronione przed dost\u0119pem do nich przez osoby do tego nieupowa\u017cnione, przetwarzane s\u0105 zgodnie z ustaw\u0105 z dnia 29 sierpnia 1997 r. o ochronie danych osobowych (Dz. U. 2002 r. Nr 101 poz. 926, ze zm.) oraz ustaw\u0105 z dnia 18 lipca 2002 r. o \u015bwiadczeniu us\u0142ug drog\u0105 elektroniczn\u0105 (Dz. U. Nr 144, poz. 1204 z po\u017an. zm.) r. oraz rozporz\u0105dzeniem Ministra Spraw Wewn\u0119trznych i Administracji z dnia 29 kwietnia 2004 r. w sprawie dokumentacji przetwarzania danych osobowych oraz warunk\u00f3w technicznych i organizacyjnych, jakim powinny odpowiada\u0107 urz\u0105dzenia i systemy informatyczne, s\u0142u\u017c\u0105ce do przetwarzania danych osobowych (Dz. U. Nr 100, poz.1024).<\/p>\n<p><!-- \/wp:paragraph --><\/p>\n<p><!-- wp:paragraph --><\/p>\n<p>Zgodnie z t\u0105 ustaw\u0105 u\u017cytkownikom serwisu przys\u0142uguje prawo do wgl\u0105du w swoje dane, do ich poprawiania oraz wniesienia \u017c\u0105dania o zaprzestaniu ich wykorzystywania.<\/p>\n<p><!-- \/wp:paragraph --><\/p>\n<p><!-- wp:paragraph --><\/p>\n<p>Serwis Internetowy marsquest.eu wykorzystuje dane osobowe U\u017cytkownik\u00f3w wy\u0142\u0105cznie w celu realizacji zam\u00f3wienia, gwarancji, zwrot\u00f3w i wymiany towar\u00f3w, a tak\u017ce w celu realizacji innych proces\u00f3w zwi\u0105zanych ze sprzeda\u017c\u0105 towar\u00f3w i dzia\u0142aniami marketingowymi serwisu marsquest.eu.<\/p>\n<p><!-- \/wp:paragraph --><\/p>\n<p><!-- wp:paragraph --><\/p>\n<p>Dane zbierane przez Serwis marsquest.eu w celu realizacji zam\u00f3wienia oraz polityki informacyjnej sklepu: imi\u0119 i nazwisko, adres e-mail, numer telefonu, adres zamieszkania, adres dostawy, ewentualnie dane firmy (nazwa, adres, numer NIP).&nbsp;<\/p>\n<p>Dane przechowywane s\u0105 na czas: w przypadku zarejestrowania u\u017cytkownika &#8211; przez czas aktywno\u015bci&nbsp; konta do czasu dobrowolnego usuni\u0119cia konta + okres dw\u00f3ch lat od ostatniego zam\u00f3wienia, LUB w przy jednorazowej transakcji bez logowania &#8211; na czas realizacji zam\u00f3wienia + okres dw\u00f3ch lat.<\/p>\n<p><!-- \/wp:paragraph --><\/p>\n<p><!-- wp:paragraph --><\/p>\n<p>Wszystkie dane osobowe podawane s\u0105 dobrowolnie, a wyra\u017cenie zgody na przetwarzanie tych danych jest niezb\u0119dnym warunkiem realizacji zam\u00f3wienia. Ka\u017cdy u\u017cytkownik mo\u017ce przekaza\u0107 nam ch\u0119\u0107 usuni\u0119cia swoich danych osobowych &#8211; bezpo\u015brednio na mail marketing@marsquest.eu .<\/p>\n<p><!-- \/wp:paragraph --><\/p>\n<p><!-- wp:paragraph --><\/p>\n<p>Podczas korzystania przez U\u017cytkownika ze Sklepu Internetowego automatycznie zbierane s\u0105 dane dotycz\u0105ce U\u017cytkownika. Do tych danych zalicza si\u0119: adres IP, nazwa domeny, typ przegl\u0105darki, typ systemu operacyjnego. Dane te mog\u0105 by\u0107 zbierane przez pliki cookies (\u201eciasteczka\u201d), system Google Analytics.<\/p>\n<p data-start=\"239\" data-end=\"609\">W ramach dzia\u0142ania sklepu <strong data-start=\"265\" data-end=\"281\">marsquest.eu<\/strong>, Twoje dane osobowe mog\u0105 by\u0107 przetwarzane w spos\u00f3b zautomatyzowany (profilowanie).<br data-start=\"364\" data-end=\"367\">Profilowanie polega na analizie takich informacji jak historia zakup\u00f3w, aktywno\u015b\u0107 na stronie, preferencje zakupowe, lokalizacja czy u\u017cywane urz\u0105dzenie, w celu lepszego dopasowania naszych ofert, tre\u015bci reklamowych i komunikacji marketingowej.&nbsp;<strong data-start=\"611\" data-end=\"720\" style=\"background-color: var(--body-bg-color); color: var(--body-color); font-family: var(--body-font-family);\">Efektem tego dzia\u0142ania nie s\u0105 decyzje wywo\u0142uj\u0105ce skutki prawne.&nbsp;<\/strong><span style=\"background-color: var(--body-bg-color); color: var(--body-color); font-family: var(--body-font-family); font-weight: var(--body-font-weight,400);\">Masz prawo w ka\u017cdej chwili wnie\u015b\u0107 sprzeciw wobec profilowania \u2013 skontaktuj si\u0119 z nami na adres e-mail: marketing@marsquest.eu<\/span><\/p>\n<p><!-- \/wp:paragraph --><\/p>\n<p><!-- wp:paragraph --><\/p>\n<p>Informujemy, \u017ce dost\u0119p do wskazanych danych maj\u0105 jedynie uprawnione osoby. Zgromadzone dane s\u0105 przechowywane na bezpiecznym serwerze i s\u0105 zabezpieczone. Dane nie s\u0105 przekazywane oraz sprzedawane podmiotom trzecim nieuprawnionym do tego. W przypadku kontroli Generalnego Inspektoratu Ochrony Danych Osobowych dane Klienta mog\u0105 zosta\u0107 udost\u0119pnione pracownikom Inspektoratu zgodnie z ustaw\u0105 o ochronie danych osobowych.<\/p>\n<p><!-- \/wp:paragraph --><\/p>\n<p><!-- wp:paragraph --><\/p>\n<p>U\u017cytkownik ma prawo do wgl\u0105du w swoje dane osobowe, do ich poprawiania oraz wniesienia \u017c\u0105dania o zaprzestanie ich przetwarzania, chyba \u017ce dane, kt\u00f3rych dotyczy powy\u017csze \u017c\u0105danie, s\u0105 niezb\u0119dne do \u015bwiadczenia danej Us\u0142ugi \u2013 w\u00f3wczas takie o\u015bwiadczenie b\u0119dzie r\u00f3wnowa\u017cne z o\u015bwiadczeniem o rozwi\u0105zaniu umowy o \u015bwiadczenie Us\u0142ug.<\/p>\n<p><!-- \/wp:paragraph --><\/p>\n<p><!-- wp:paragraph --><\/p>\n<p>U\u017cytkowniku pami\u0119taj o zasadzie \u2013 jedno konto to jedno has\u0142o. Przestrzegamy przed stosowaniem jednakowych hase\u0142 do wielu kont.<\/p>\n<p><!-- \/wp:paragraph --><\/p>\n<p><!-- wp:paragraph --><\/p>\n<p>W przypadku jakichkolwiek pyta\u0144 lub zastrze\u017ce\u0144 w sprawie obowi\u0105zuj\u0105cej polityki prywatno\u015bci prosimy o kontakt pod adresem <a href=\"mailto:kontakt@marsquest.eu\">kontakt@marsquest.eu<\/a>.<\/p><p>Je\u015bli uznasz, \u017ce przetwarzanie Twoich danych osobowych narusza przepisy RODO, masz prawo do wniesienia skargi do organu nadzorczego \u2013<br data-start=\"1023\" data-end=\"1026\">\n<strong data-start=\"1026\" data-end=\"1077\">Prezesa Urz\u0119du Ochrony Danych Osobowych (PUODO)<\/strong><br data-start=\"1077\" data-end=\"1080\">\nul. Stawki 2, 00-193 Warszawa<br data-start=\"1109\" data-end=\"1112\">\nstrona: <a data-start=\"1120\" data-end=\"1162\" rel=\"noopener\" target=\"_new\" class=\"\" href=\"https:\/\/www.uodo.gov.pl\">www.uodo.gov.pl<\/a><\/p>\n<p><!-- \/wp:paragraph --><\/p>\n<p><!-- wp:separator --><\/p>\n<hr>\n<p><!-- \/wp:separator --><\/p>\n<p><!-- wp:paragraph --><\/p>\n<p><strong>Polityka COOKIES<\/strong><\/p>\n<p><!-- \/wp:paragraph --><\/p>\n<p><!-- wp:paragraph --><\/p>\n<p>Serwis nie zbiera w spos\u00f3b automatyczny \u017cadnych informacji, z wyj\u0105tkiem informacji zawartych w plikach cookies. Pliki cookies (tzw. \u201eciasteczka\u201d) stanowi\u0105 dane informatyczne, w szczeg\u00f3lno\u015bci pliki tekstowe, kt\u00f3re przechowywane s\u0105 w urz\u0105dzeniu ko\u0144cowym U\u017cytkownika Serwisu i przeznaczone s\u0105 do korzystania ze stron internetowych Serwisu.<\/p>\n<p><!-- \/wp:paragraph --><\/p>\n<p><!-- wp:paragraph --><\/p>\n<p>Cookies zazwyczaj zawieraj\u0105 nazw\u0119 strony internetowej, z kt\u00f3rej pochodz\u0105, czas przechowywania ich na urz\u0105dzeniu ko\u0144cowym oraz unikalny numer.<\/p>\n<p><!-- \/wp:paragraph --><\/p>\n<p><!-- wp:paragraph --><\/p>\n<p><strong>Pliki cookies wykorzystywane s\u0105 w celu:<\/strong><\/p>\n<p><!-- \/wp:paragraph --><\/p>\n<p><!-- wp:list --><\/p>\n<ul>\n<li style=\"list-style-type: none;\">\n<ul><!-- wp:list-item --><p><\/p>\n<li>dostosowania zawarto\u015bci stron internetowych Serwisu do preferencji U\u017cytkownika oraz optymalizacji korzystania ze stron internetowych;<\/li>\n<\/ul>\n<\/li>\n<\/ul>\n<p><!-- \/wp:list-item --><\/p>\n<p><!-- wp:list-item --><\/p>\n<ul>\n<li style=\"list-style-type: none;\">\n<ul>\n<li>tworzenia statystyk, kt\u00f3re pomagaj\u0105 zrozumie\u0107, w jaki spos\u00f3b U\u017cytkownicy Serwisu korzystaj\u0105 ze stron internetowych, co umo\u017cliwia ulepszanie ich struktury i zawarto\u015bci;<\/li>\n<\/ul>\n<\/li>\n<\/ul>\n<p><!-- \/wp:list-item --><\/p>\n<p><!-- wp:list-item --><\/p>\n<ul>\n<li style=\"list-style-type: none;\">\n<ul>\n<li>utrzymania sesji U\u017cytkownika Serwisu (po zalogowaniu), dzi\u0119ki czemu U\u017cytkownik nie musi na ka\u017cdej podstronie Serwisu ponownie wpisywa\u0107 loginu i has\u0142a;<\/li>\n<\/ul>\n<\/li>\n<\/ul>\n<p><!-- \/wp:list-item --><\/p>\n<p><!-- wp:list-item --><\/p>\n<ul>\n<li style=\"list-style-type: none;\">\n<ul>\n<li>zalogowania do serwisu za pomoc\u0105 serwisu spo\u0142eczno\u015bciowego, np. Facebook.com;<\/li>\n<\/ul>\n<\/li>\n<\/ul>\n<p><!-- \/wp:list-item --><\/p>\n<p><!-- wp:list-item --><\/p>\n<ul>\n<li style=\"list-style-type: none;\">\n<ul>\n<li>optymalizacji i zwi\u0119kszenia wydajno\u015bci us\u0142ug \u015bwiadczonych przez Administratora.<\/li>\n<\/ul>\n<\/li>\n<\/ul>\n<p><!-- \/wp:list-item --><\/p>\n<p><!-- \/wp:list --><\/p>\n<p><!-- wp:paragraph --><\/p>\n<p>W ramach Serwisu wykorzystywane s\u0105 dwa typy plik\u00f3w cookies: \u201esesyjne\u201d (session cookies) oraz \u201esta\u0142e\u201d (persistent cookies). Cookies \u201esesyjne\u201d s\u0105 plikami tymczasowymi, kt\u00f3re przechowywane s\u0105 w urz\u0105dzeniu ko\u0144cowym U\u017cytkownika do czasu wylogowania, opuszczenia strony internetowej lub wy\u0142\u0105czenia oprogramowania (przegl\u0105darki internetowej). \u201eSta\u0142e\u201d pliki cookies przechowywane s\u0105 w urz\u0105dzeniu ko\u0144cowym U\u017cytkownika przez czas okre\u015blony w parametrach plik\u00f3w cookies lub do czasu ich usuni\u0119cia przez U\u017cytkownika.<\/p>\n<p><!-- \/wp:paragraph --><\/p>\n<p><!-- wp:paragraph --><\/p>\n<p>U\u017cytkownik ma mo\u017cliwo\u015b\u0107 ograniczenia lub wy\u0142\u0105czenia dost\u0119pu plik\u00f3w cookies do swojego urz\u0105dzenia. W przypadku skorzystania z tej opcji korzystanie z Serwisu b\u0119dzie mo\u017cliwe, poza funkcjami, kt\u00f3re ze swojej natury wymagaj\u0105 plik\u00f3w cookies.<\/p>\n<p><!-- \/wp:paragraph --><\/p>\n<p><!-- wp:paragraph --><\/p>\n<p>Wi\u0119cej informacji na temat plik\u00f3w cookies dost\u0119pnych jest pod adresem wszystkoociasteczkach.pl lub w sekcji \u201ePomoc\u201d w menu przegl\u0105darki internetowej.<\/p>\n<p><!-- \/wp:paragraph --><\/p>\n<p><!-- wp:separator --><\/p>\n<hr>\n<p><!-- \/wp:separator --><\/p>\n<p><!-- wp:paragraph --><\/p>\n<p><!-- \/wp:paragraph --><\/p>\t\t\t\t\t\t\t\t<\/div>\n\t\t\t\t<\/div>\n\t\t\t\t\t<\/div>\n\t\t<\/div>\n\t\t\t\t\t<\/div>\n\t\t<\/section>\n\t\t\t\t<\/div>","protected":false},"excerpt":{"rendered":"<p>Niniejsza Polityka Prywatno\u015bci okre\u015bla zasady gromadzenia, przetwarzania i wykorzystywania danych osobowych pozyskanych od U\u017cytkownik\u00f3w przez Anita Wrzeszcz BYTU DESIGN, ul. Zielony Stok 4\/4, 80-119 Gda\u0144sk, Polska, NIP 8513128330, za po\u015brednictwem Sklepu internetowego, dzia\u0142aj\u0105cego pod adresem www.marsquest.eu. Administratorem Danych Osobowych jest firma Anita Wrzeszcz BYTU DESIGN. Wszystkie dane osobowe gromadzone s\u0105 z nale\u017cyt\u0105 staranno\u015bci\u0105 i odpowiednio [&hellip;]<\/p>","protected":false},"author":1,"featured_media":0,"parent":0,"menu_order":0,"comment_status":"closed","ping_status":"closed","template":"","meta":{"_acf_changed":false,"footnotes":""},"class_list":["post-14051","page","type-page","status-publish","hentry"],"acf":[],"_links":{"self":[{"href":"https:\/\/marsquest.eu\/de\/wp-json\/wp\/v2\/pages\/14051","targetHints":{"allow":["GET"]}}],"collection":[{"href":"https:\/\/marsquest.eu\/de\/wp-json\/wp\/v2\/pages"}],"about":[{"href":"https:\/\/marsquest.eu\/de\/wp-json\/wp\/v2\/types\/page"}],"author":[{"embeddable":true,"href":"https:\/\/marsquest.eu\/de\/wp-json\/wp\/v2\/users\/1"}],"replies":[{"embeddable":true,"href":"https:\/\/marsquest.eu\/de\/wp-json\/wp\/v2\/comments?post=14051"}],"version-history":[{"count":3,"href":"https:\/\/marsquest.eu\/de\/wp-json\/wp\/v2\/pages\/14051\/revisions"}],"predecessor-version":[{"id":15221,"href":"https:\/\/marsquest.eu\/de\/wp-json\/wp\/v2\/pages\/14051\/revisions\/15221"}],"wp:attachment":[{"href":"https:\/\/marsquest.eu\/de\/wp-json\/wp\/v2\/media?parent=14051"}],"curies":[{"name":"wp","href":"https:\/\/api.w.org\/{rel}","templated":true}]}}