{"id":14915,"date":"2025-01-26T18:28:41","date_gmt":"2025-01-26T17:28:41","guid":{"rendered":"https:\/\/marsquest.eu\/?page_id=14915"},"modified":"2025-04-05T06:38:35","modified_gmt":"2025-04-05T04:38:35","slug":"dostawy-i-platnosci","status":"publish","type":"page","link":"https:\/\/marsquest.eu\/de\/dostawy-i-platnosci\/","title":{"rendered":"Lieferung und Zahlung"},"content":{"rendered":"<div data-elementor-type=\"wp-page\" data-elementor-id=\"14915\" class=\"elementor elementor-14915\" data-elementor-post-type=\"page\">\n\t\t\t\t\t\t<section class=\"elementor-section elementor-top-section elementor-element elementor-element-3bffb1b6 elementor-section-boxed elementor-section-height-default elementor-section-height-default\" data-id=\"3bffb1b6\" data-element_type=\"section\">\n\t\t\t\t\t\t<div class=\"elementor-container elementor-column-gap-default\">\n\t\t\t\t\t<div class=\"elementor-column elementor-col-100 elementor-top-column elementor-element elementor-element-cdce5d5\" data-id=\"cdce5d5\" data-element_type=\"column\">\n\t\t\t<div class=\"elementor-column-wrap--cdce5d5 elementor-widget-wrap elementor-element-populated\">\n\t\t\t\t\t\t<div class=\"elementor-element elementor-element-74aa1693 elementor-widget elementor-widget-text-editor\" data-id=\"74aa1693\" data-element_type=\"widget\" data-widget_type=\"text-editor.default\">\n\t\t\t\t<div class=\"elementor-widget-container\">\n\t\t\t\t\t\t\t\t\t<h5><span style=\"font-weight: 400;\">Dostawy<\/span><\/h5>\n<p><span style=\"font-weight: 400;\">Aktualnie realizujemy dostawy domy\u015blnie za pomoc\u0105 firmy kurierskiej, paczkomat\u00f3w INPOST oraz Poczt\u0105 Polsk\u0105 w postaci paczek. <br><\/span><span style=\"font-weight: 400;\">Darmowa dostawa z odbiorem osobistym jest mo\u017cliwa na eventach i wydarzeniach w kt\u00f3rych bierzemy udzia\u0142 jako wystawcy &#8211; informacj\u0119 o takich udost\u0119pniamy z wyprzedzeniem na naszych social mediach i w Newsletterze. Zach\u0119camy do zapisania si\u0119 i obserwowania.&nbsp;<br><\/span><span style=\"font-weight: 400;\">Je\u017celi potrzebujesz innej formy dostawy zapraszamy do kontaktu pod adres: marketing@marsquest.eu a postaramy si\u0119 wyj\u015b\u0107 naprzeciw Twoim oczekiwaniom.&nbsp;<\/span><\/p>\n<p><span style=\"font-weight: 400;\">Czas realizacji standardowych zam\u00f3wie\u0144 wynosi do 7 dni roboczych. W razie wyd\u0142u\u017cenia si\u0119 tego terminu z jakiego\u015b powodu, zostaniesz poinformowany\/a o tym mailowo.&nbsp;<br>Aktualny cennik dostaw przy zakupach do 400 z\u0142:&nbsp;<br>Wysy\u0142ka do Paczkomat\u00f3w Inpost &#8211; 16,99 z\u0142&nbsp;<br>Wysy\u0142ka kurierem &#8211; 23 z\u0142&nbsp;<br>Przesy\u0142ka ekonomiczna pocztowa na wskazany adres &#8211; 20 z\u0142<\/span><\/p>\n<p><span style=\"font-weight: 400;\">Powy\u017cej 400 z\u0142, czyli ju\u017c za dwie pary okular\u00f3w, oferujemy darmow\u0105 wysy\u0142k\u0119.&nbsp;<\/span><\/p>\n<h5><span style=\"font-weight: 400;\">P\u0142atno\u015bci<\/span><\/h5>\n<p><span style=\"font-weight: 400;\">P\u0142atno\u015bci na naszej stronie realizowane s\u0105 za pomoc\u0105 bramki p\u0142atniczej imoje o wybranym zakresie: szybki transfer, BLIK, p\u0142atno\u015bci kart\u0105 w bezpiecznym systemie 3DS, Apple Pay, Google Pay, Visa Mobile, PayPal. Udost\u0119pniamy r\u00f3wnie\u017c opcj\u0119 \u201cp\u0142ac\u0119 p\u00f3\u017aniej\u201d.&nbsp;<\/span><\/p>\n<p><span style=\"font-weight: 400;\">Je\u017celi chcesz zap\u0142aci\u0107 przelewem tradycyjnym, prosimy o kontakt na adres: marketing@marsquest.eu przypominaj\u0105c, \u017ce taka opcja wyd\u0142u\u017ca czas realizacji zam\u00f3wienia.&nbsp;<\/span><\/p>\t\t\t\t\t\t\t\t<\/div>\n\t\t\t\t<\/div>\n\t\t\t\t\t<\/div>\n\t\t<\/div>\n\t\t\t\t\t<\/div>\n\t\t<\/section>\n\t\t\t\t<\/div>","protected":false},"excerpt":{"rendered":"<p>Dostawy Aktualnie realizujemy dostawy domy\u015blnie za pomoc\u0105 firmy kurierskiej, paczkomat\u00f3w INPOST oraz Poczt\u0105 Polsk\u0105 w postaci paczek. Darmowa dostawa z odbiorem osobistym jest mo\u017cliwa na eventach i wydarzeniach w kt\u00f3rych bierzemy udzia\u0142 jako wystawcy &#8211; informacj\u0119 o takich udost\u0119pniamy z wyprzedzeniem na naszych social mediach i w Newsletterze. Zach\u0119camy do zapisania si\u0119 i obserwowania.&nbsp;Je\u017celi potrzebujesz [&hellip;]<\/p>","protected":false},"author":1,"featured_media":0,"parent":0,"menu_order":0,"comment_status":"closed","ping_status":"closed","template":"","meta":{"_acf_changed":false,"footnotes":""},"class_list":["post-14915","page","type-page","status-publish","hentry"],"acf":[],"_links":{"self":[{"href":"https:\/\/marsquest.eu\/de\/wp-json\/wp\/v2\/pages\/14915","targetHints":{"allow":["GET"]}}],"collection":[{"href":"https:\/\/marsquest.eu\/de\/wp-json\/wp\/v2\/pages"}],"about":[{"href":"https:\/\/marsquest.eu\/de\/wp-json\/wp\/v2\/types\/page"}],"author":[{"embeddable":true,"href":"https:\/\/marsquest.eu\/de\/wp-json\/wp\/v2\/users\/1"}],"replies":[{"embeddable":true,"href":"https:\/\/marsquest.eu\/de\/wp-json\/wp\/v2\/comments?post=14915"}],"version-history":[{"count":9,"href":"https:\/\/marsquest.eu\/de\/wp-json\/wp\/v2\/pages\/14915\/revisions"}],"predecessor-version":[{"id":15217,"href":"https:\/\/marsquest.eu\/de\/wp-json\/wp\/v2\/pages\/14915\/revisions\/15217"}],"wp:attachment":[{"href":"https:\/\/marsquest.eu\/de\/wp-json\/wp\/v2\/media?parent=14915"}],"curies":[{"name":"wp","href":"https:\/\/api.w.org\/{rel}","templated":true}]}}