{"id":14948,"date":"2025-01-26T19:27:07","date_gmt":"2025-01-26T18:27:07","guid":{"rendered":"https:\/\/marsquest.eu\/?page_id=14948"},"modified":"2025-02-03T20:55:48","modified_gmt":"2025-02-03T19:55:48","slug":"zwroty-i-reklamacje","status":"publish","type":"page","link":"https:\/\/marsquest.eu\/de\/zwroty-i-reklamacje\/","title":{"rendered":"Retouren und Reklamationen"},"content":{"rendered":"<div data-elementor-type=\"wp-page\" data-elementor-id=\"14948\" class=\"elementor elementor-14948\" data-elementor-post-type=\"page\">\n\t\t\t\t\t\t<section class=\"elementor-section elementor-top-section elementor-element elementor-element-3bffb1b6 elementor-section-boxed elementor-section-height-default elementor-section-height-default\" data-id=\"3bffb1b6\" data-element_type=\"section\">\n\t\t\t\t\t\t<div class=\"elementor-container elementor-column-gap-default\">\n\t\t\t\t\t<div class=\"elementor-column elementor-col-100 elementor-top-column elementor-element elementor-element-cdce5d5\" data-id=\"cdce5d5\" data-element_type=\"column\">\n\t\t\t<div class=\"elementor-column-wrap--cdce5d5 elementor-widget-wrap elementor-element-populated\">\n\t\t\t\t\t\t<div class=\"elementor-element elementor-element-74aa1693 elementor-widget elementor-widget-text-editor\" data-id=\"74aa1693\" data-element_type=\"widget\" data-widget_type=\"text-editor.default\">\n\t\t\t\t<div class=\"elementor-widget-container\">\n\t\t\t\t\t\t\t\t\t<p><b>Polityka Wymiany i Zwrot\u00f3w<\/b><\/p><p><span style=\"font-weight: 400;\">Je\u015bli z jakiegokolwiek powodu nie jeste\u015b w pe\u0142ni zadowolony ze swojego zam\u00f3wienia, oferujemy mo\u017cliwo\u015b\u0107 wymiany lub zwrotu w ci\u0105gu 14 dni od dnia otrzymania przesy\u0142ki. Nale\u017cy pami\u0119ta\u0107, \u017ce poni\u017csze zasady musz\u0105 zosta\u0107 spe\u0142nione w przypadku produkt\u00f3w, kt\u00f3re chcesz wymieni\u0107 lub zwr\u00f3ci\u0107:<\/span><\/p><ol><li style=\"font-weight: 400;\" aria-level=\"1\"><span style=\"font-weight: 400;\">Przed rozpocz\u0119ciem procesu wymiany lub zwrotu skontaktuj si\u0119 z naszym zespo\u0142em obs\u0142ugi klienta &#8211; napisz email na marketing@marsquest.eu. Nie odsy\u0142aj produktu(\u00f3w) bez wcze\u015bniejszego kontaktu z naszym zespo\u0142em. Pomo\u017cemy Ci przej\u015b\u0107 przez ten proces, aby zapewni\u0107 sprawn\u0105 wymian\u0119 lub zwrot.<\/span><\/li><li style=\"font-weight: 400;\" aria-level=\"1\"><span style=\"font-weight: 400;\">O ile produkt(y) nie zosta\u0142y otrzymane z wadami produkcyjnymi, jak okre\u015blono w <\/span><b>1-rocznej Ograniczonej Gwarancji Producenta<\/b><span style=\"font-weight: 400;\">, MarsQuest nie ponosi odpowiedzialno\u015bci za uszkodzenia wynikaj\u0105ce z transportu lub niew\u0142a\u015bciwego u\u017cytkowania przez klienta, w zwi\u0105zku z czym proces wymiany lub zwrotu nie b\u0119dzie mo\u017cliwy.<\/span><\/li><li style=\"font-weight: 400;\" aria-level=\"1\"><span style=\"font-weight: 400;\">Aby zapewni\u0107 sprawny proces wymiany lub zwrotu, produkt(y) <\/span><b>MUSZ\u0104<\/b><span style=\"font-weight: 400;\"> zosta\u0107 zwr\u00f3cone w stanie <\/span><b>nieu\u017cywanym<\/b><span style=\"font-weight: 400;\">, w <\/span><b>oryginalnym opakowaniu<\/b><span style=\"font-weight: 400;\">, z <\/span><b>wszystkimi metkami autentyczno\u015bci oraz plombami producenta w nienaruszonym stanie<\/b><span style=\"font-weight: 400;\">. Do zwracanego pakietu nale\u017cy do\u0142\u0105czy\u0107 <\/span><b>formularz zwrotu <\/b><span style=\"font-weight: 400;\">do\u0142\u0105czany do ka\u017cdej przesy\u0142ki i mo\u017cliwy do pobrania poni\u017cej ze strony. Mo\u017cesz go r\u00f3wnie\u017c wydrukowa\u0107, podpisa\u0107 i zeskanowa\u0107 a nast\u0119pnie przes\u0142a\u0107 mailowo na adres <\/span><a href=\"mailto:marketing@marsquest.eu\"><span style=\"font-weight: 400;\">marketing@marsquest.eu<\/span><\/a><span style=\"font-weight: 400;\"> w tytule maila wpisuj\u0105c numer zam\u00f3wienia.\u00a0<\/span><\/li><li style=\"font-weight: 400;\" aria-level=\"1\"><span style=\"font-weight: 400;\">Wszystkie zwroty s\u0105 sprawdzane po ich otrzymaniu. Zwrot lub wymiana <\/span><b>nie zostan\u0105<\/b><span style=\"font-weight: 400;\"> zrealizowane, je\u015bli produkt(y) nie b\u0119d\u0105 w <\/span><b>nowym i oryginalnym stanie<\/b><span style=\"font-weight: 400;\">.<\/span><\/li><li style=\"font-weight: 400;\" aria-level=\"1\"><span style=\"font-weight: 400;\">Prosimy o zwrot produktu(\u00f3w) za pomoc\u0105 us\u0142ugi \u201eprzesy\u0142ki za potwierdzeniem odbioru\u201d oraz o uzyskanie potwierdzenia nadania. Nie ponosimy odpowiedzialno\u015bci za produkt(y) uszkodzone podczas transportu, dlatego nale\u017cy zadba\u0107 o <\/span><b>bezpieczne opakowanie i metod\u0119 wysy\u0142ki<\/b><span style=\"font-weight: 400;\">.<\/span><\/li><li style=\"font-weight: 400;\" aria-level=\"1\"><span style=\"font-weight: 400;\">Koszty przesy\u0142ki zwrotu zam\u00f3wienia (np. koszty kuriera\/firma transportowa) ponosi <\/span><b>bezpo\u015brednio U\u017cytkownik<\/b><span style=\"font-weight: 400;\">.<\/span><\/li><li style=\"font-weight: 400;\" aria-level=\"1\"><span style=\"font-weight: 400;\">W przypadku, gdy zam\u00f3wienie przechodzi przez odpraw\u0119 celn\u0105, MarsQuest nie ponosi odpowiedzialno\u015bci za \u017cadne dodatkowe koszty, kt\u00f3re mog\u0105 si\u0119 pojawi\u0107. Zalecamy <\/span><b>zadeklarowanie warto\u015bci towaru poni\u017cej 20 USD<\/b><span style=\"font-weight: 400;\"> oraz oznaczenie go jako \u201eprezent\u201d, aby unikn\u0105\u0107 niepotrzebnych op\u0142at celnych.<\/span><\/li><li style=\"font-weight: 400;\" aria-level=\"1\"><b>Koszty wysy\u0142ki nie podlegaj\u0105 zwrotowi<\/b><span style=\"font-weight: 400;\">.<\/span><\/li><li style=\"font-weight: 400;\" aria-level=\"1\"><span style=\"font-weight: 400;\">Czas zwrotu \u015brodk\u00f3w zale\u017cy od metody p\u0142atno\u015bci u\u017cytej przy zakupie:<\/span><ul><li style=\"font-weight: 400;\" aria-level=\"2\"><span style=\"font-weight: 400;\">W przypadku p\u0142atno\u015bci kart\u0105 kredytow\u0105\/debetow\u0105 <\/span><b>zwrot zostanie dokonany w ci\u0105gu 14 dni kalendarzowych<\/b><span style=\"font-weight: 400;\">.<\/span><\/li><li style=\"font-weight: 400;\" aria-level=\"2\"><span style=\"font-weight: 400;\">W przypadku p\u0142atno\u015bci przez PayPal <\/span><b>zwrot nast\u0105pi w ci\u0105gu 24-48 dni roboczych<\/b><span style=\"font-weight: 400;\">.<\/span><\/li><li style=\"font-weight: 400;\" aria-level=\"2\"><span style=\"font-weight: 400;\">Zwrot szybkimi formami przelewu jak BLIK lub karta p\u0142atnicza potrzebuje do <\/span><b>14 dni kalendarzowych<\/b><span style=\"font-weight: 400;\">.<\/span><\/li><\/ul><\/li><li style=\"font-weight: 400;\" aria-level=\"1\"><span style=\"font-weight: 400;\">MarsQuest dokona zwrotu \u015brodk\u00f3w tak szybko, jak to mo\u017cliwe, licz\u0105c od dnia, w kt\u00f3rym U\u017cytkownik zg\u0142osi\u0142 decyzj\u0119 o odst\u0105pieniu od umowy.<\/span><\/li><li style=\"font-weight: 400;\" aria-level=\"1\"><span style=\"font-weight: 400;\">Je\u015bli zwr\u00f3cisz produkt na b\u0142\u0119dny adres, <\/span><b>MarsQuest nie ponosi odpowiedzialno\u015bci za jego utrat\u0119 lub zagini\u0119cie<\/b><span style=\"font-weight: 400;\">.<\/span><\/li><li style=\"font-weight: 400;\" aria-level=\"1\"><span style=\"font-weight: 400;\">Produkty zakupione w trakcie wyprzeda\u017cy lub na stronie z przecenami <\/span><b>nie podlegaj\u0105 zwrotowi ani wymianie<\/b><span style=\"font-weight: 400;\">. W takiej sytuacji proponujemy wymian\u0119 na jednakowy produkt lub dro\u017cszy za odpowiedni\u0105 dop\u0142at\u0105.\u00a0<\/span><\/li><\/ol><p><b>Nasza edycja limitowana jest wy\u0142\u0105czona z promocji<\/b><span style=\"font-weight: 400;\">.<\/span><\/p><p>Zwroty prosimy kierowa\u0107 na adres:\u00a0<br \/>BYTU DESIGN Anita Wrzeszcz<\/p><p>ul. Lubczykowa 5\u00a0<\/p><p><span style=\"background-color: var(--body-bg-color); color: var(--body-color); font-family: var(--body-font-family); font-weight: var(--body-font-weight,400);\">80-177 Gda\u0144sk<\/span><\/p><p>W widocznym miejscu prosimy o napisanie formy &#8222;zwrot MARSQUEST&#8221;.\u00a0<\/p>\t\t\t\t\t\t\t\t<\/div>\n\t\t\t\t<\/div>\n\t\t\t\t<div class=\"elementor-element elementor-element-e8f92bf elementor-mobile-align-left elementor-widget elementor-widget-button\" data-id=\"e8f92bf\" data-element_type=\"widget\" data-widget_type=\"button.default\">\n\t\t\t\t<div class=\"elementor-widget-container\">\n\t\t\t\t\t\t\t\t\t<div class=\"elementor-button-wrapper\">\n\t\t\t\t\t<a class=\"elementor-button elementor-button-link elementor-size-sm\" href=\"https:\/\/marsquest.eu\/wp-content\/uploads\/2025\/02\/marsquest-pol-formalrz-zwrotu-i-ulotka.pdf\" target=\"_blank\">\n\t\t\t\t\t\t<span class=\"elementor-button-content-wrapper\">\n\t\t\t\t\t\t\t\t\t<span class=\"elementor-button-text\">Pobierz formularz zwrotu<\/span>\n\t\t\t\t\t<\/span>\n\t\t\t\t\t<\/a>\n\t\t\t\t<\/div>\n\t\t\t\t\t\t\t\t<\/div>\n\t\t\t\t<\/div>\n\t\t\t\t\t<\/div>\n\t\t<\/div>\n\t\t\t\t\t<\/div>\n\t\t<\/section>\n\t\t\t\t<\/div>","protected":false},"excerpt":{"rendered":"<p>Polityka Wymiany i Zwrot\u00f3w Je\u015bli z jakiegokolwiek powodu nie jeste\u015b w pe\u0142ni zadowolony ze swojego zam\u00f3wienia, oferujemy mo\u017cliwo\u015b\u0107 wymiany lub zwrotu w ci\u0105gu 14 dni od dnia otrzymania przesy\u0142ki. Nale\u017cy pami\u0119ta\u0107, \u017ce poni\u017csze zasady musz\u0105 zosta\u0107 spe\u0142nione w przypadku produkt\u00f3w, kt\u00f3re chcesz wymieni\u0107 lub zwr\u00f3ci\u0107: Przed rozpocz\u0119ciem procesu wymiany lub zwrotu skontaktuj si\u0119 z naszym [&hellip;]<\/p>","protected":false},"author":1,"featured_media":0,"parent":0,"menu_order":0,"comment_status":"closed","ping_status":"closed","template":"elementor_header_footer","meta":{"_acf_changed":false,"footnotes":""},"class_list":["post-14948","page","type-page","status-publish","hentry"],"acf":[],"_links":{"self":[{"href":"https:\/\/marsquest.eu\/de\/wp-json\/wp\/v2\/pages\/14948","targetHints":{"allow":["GET"]}}],"collection":[{"href":"https:\/\/marsquest.eu\/de\/wp-json\/wp\/v2\/pages"}],"about":[{"href":"https:\/\/marsquest.eu\/de\/wp-json\/wp\/v2\/types\/page"}],"author":[{"embeddable":true,"href":"https:\/\/marsquest.eu\/de\/wp-json\/wp\/v2\/users\/1"}],"replies":[{"embeddable":true,"href":"https:\/\/marsquest.eu\/de\/wp-json\/wp\/v2\/comments?post=14948"}],"version-history":[{"count":15,"href":"https:\/\/marsquest.eu\/de\/wp-json\/wp\/v2\/pages\/14948\/revisions"}],"predecessor-version":[{"id":15126,"href":"https:\/\/marsquest.eu\/de\/wp-json\/wp\/v2\/pages\/14948\/revisions\/15126"}],"wp:attachment":[{"href":"https:\/\/marsquest.eu\/de\/wp-json\/wp\/v2\/media?parent=14948"}],"curies":[{"name":"wp","href":"https:\/\/api.w.org\/{rel}","templated":true}]}}