{"id":13338,"date":"2024-11-19T12:51:30","date_gmt":"2024-11-19T11:51:30","guid":{"rendered":"https:\/\/marsquest.eu\/?post_type=product&#038;p=13338"},"modified":"2025-01-30T14:56:03","modified_gmt":"2025-01-30T13:56:03","slug":"carbon-black-x-neon-red","status":"publish","type":"product","link":"https:\/\/marsquest.eu\/de\/produkt\/carbon-black-x-neon-red\/","title":{"rendered":"Carbon Black x Neon Red"},"content":{"rendered":"","protected":false},"excerpt":{"rendered":"<p><strong>Opis<\/strong><\/p>\n<ul>\n<li><strong>Polaryzacyjne okulary przeciws\u0142oneczne<\/strong><\/li>\n<li><strong>Soczewki z triacetatu<\/strong> z 100% ochron\u0105 przed promieniowaniem UVA\/UVB<\/li>\n<li><strong>Wysokiej jako\u015bci oprawka EMS<\/strong> i mocowanie ze stali nierdzewnej<\/li>\n<li><strong>Elastyczna oprawka<\/strong>, kt\u00f3ra dopasowuje si\u0119 do ka\u017cdego kszta\u0142tu twarzy<\/li>\n<li><strong>Najwy\u017cszej jako\u015bci zawiasy spr\u0119\u017cynowe<\/strong><\/li>\n<li><strong>Anti-Rutsch-Technologie<\/strong><\/li>\n<li><strong>Szeroko\u015b\u0107 przodu<\/strong>: 146 mm; <strong>wysoko\u015b\u0107<\/strong>: 53 mm; <strong>waga<\/strong>: 24 g<\/li>\n<li><strong>W zestawie sk\u00f3rzane etui oraz \u015bciereczka z mikrofibry<\/strong><\/li>\n<li><strong>1 rok gwarancji producenta<\/strong><\/li>\n<\/ul>","protected":false},"featured_media":13339,"comment_status":"open","ping_status":"closed","template":"","meta":{"_acf_changed":false},"product_cat":[241,240,284],"product_tag":[285],"class_list":{"0":"post-13338","1":"product","2":"type-product","3":"status-publish","4":"has-post-thumbnail","6":"product_cat-damskie","7":"product_cat-meskie","8":"product_cat-sport","9":"product_tag-gravity","10":"pa_kolor-oprawki-carbon-black","11":"pa_kolor-soczewki-neon-red","12":"pa_model-gravity","14":"first","15":"instock","16":"shipping-taxable","17":"purchasable","18":"product-type-simple","swatches":"rey-swatches","show_selected":"","stretch_labels":"rey-swatches--stretch-labels"},"acf":[],"_links":{"self":[{"href":"https:\/\/marsquest.eu\/de\/wp-json\/wp\/v2\/product\/13338","targetHints":{"allow":["GET"]}}],"collection":[{"href":"https:\/\/marsquest.eu\/de\/wp-json\/wp\/v2\/product"}],"about":[{"href":"https:\/\/marsquest.eu\/de\/wp-json\/wp\/v2\/types\/product"}],"replies":[{"embeddable":true,"href":"https:\/\/marsquest.eu\/de\/wp-json\/wp\/v2\/comments?post=13338"}],"wp:featuredmedia":[{"embeddable":true,"href":"https:\/\/marsquest.eu\/de\/wp-json\/wp\/v2\/media\/13339"}],"wp:attachment":[{"href":"https:\/\/marsquest.eu\/de\/wp-json\/wp\/v2\/media?parent=13338"}],"wp:term":[{"taxonomy":"product_cat","embeddable":true,"href":"https:\/\/marsquest.eu\/de\/wp-json\/wp\/v2\/product_cat?post=13338"},{"taxonomy":"product_tag","embeddable":true,"href":"https:\/\/marsquest.eu\/de\/wp-json\/wp\/v2\/product_tag?post=13338"}],"curies":[{"name":"wp","href":"https:\/\/api.w.org\/{rel}","templated":true}]}}