{"id":15149,"date":"2025-04-03T15:42:14","date_gmt":"2025-04-03T13:42:14","guid":{"rendered":"https:\/\/marsquest.eu\/?post_type=product&#038;p=15149"},"modified":"2025-08-01T22:34:09","modified_gmt":"2025-08-01T20:34:09","slug":"model-s-silver-x-navy-blue","status":"publish","type":"product","link":"https:\/\/marsquest.eu\/de\/produkt\/model-s-silver-x-navy-blue\/","title":{"rendered":"Model S &#8211; Silver x Navy Blue"},"content":{"rendered":"","protected":false},"excerpt":{"rendered":"<p><strong>Polarisierte Sonnenbrille mit 100% UVA\/UVB-Schutz<\/strong><\/p>\n<ul>\n<li>Polaryzowane okulary przeciws\u0142oneczne z 100% ochron\u0105 UVA\/UVB<\/li>\n<li>Triacetat-Gl\u00e4ser und hochwertiger EMS-Rahmen<\/li>\n<li>Regulowane ko\u0144c\u00f3wki zausznik\u00f3w dla wygodnego dopasowania i gwarancji niezsuwania si\u0119<\/li>\n<li>Frontbreite: 140 mm; H\u00f6he: 50 mm; Gewicht: 16 g<\/li>\n<li>Ein Mikrofaserbeutel ist im Lieferumfang enthalten<\/li>\n<li>Ein Jahr Herstellergarantie<\/li>\n<\/ul>","protected":false},"featured_media":15150,"comment_status":"open","ping_status":"closed","template":"","meta":{"_acf_changed":false},"product_cat":[241,240,284],"product_tag":[301],"class_list":{"0":"post-15149","1":"product","2":"type-product","3":"status-publish","4":"has-post-thumbnail","6":"product_cat-damskie","7":"product_cat-meskie","8":"product_cat-sport","9":"product_tag-model-s","10":"pa_kolor-oprawki-silver","11":"pa_kolor-soczewki-navy-blue","12":"pa_model-model-s","14":"first","15":"onbackorder","16":"shipping-taxable","17":"purchasable","18":"product-type-simple","swatches":"rey-swatches","show_selected":"","stretch_labels":"rey-swatches--stretch-labels"},"acf":[],"_links":{"self":[{"href":"https:\/\/marsquest.eu\/de\/wp-json\/wp\/v2\/product\/15149","targetHints":{"allow":["GET"]}}],"collection":[{"href":"https:\/\/marsquest.eu\/de\/wp-json\/wp\/v2\/product"}],"about":[{"href":"https:\/\/marsquest.eu\/de\/wp-json\/wp\/v2\/types\/product"}],"replies":[{"embeddable":true,"href":"https:\/\/marsquest.eu\/de\/wp-json\/wp\/v2\/comments?post=15149"}],"wp:featuredmedia":[{"embeddable":true,"href":"https:\/\/marsquest.eu\/de\/wp-json\/wp\/v2\/media\/15150"}],"wp:attachment":[{"href":"https:\/\/marsquest.eu\/de\/wp-json\/wp\/v2\/media?parent=15149"}],"wp:term":[{"taxonomy":"product_cat","embeddable":true,"href":"https:\/\/marsquest.eu\/de\/wp-json\/wp\/v2\/product_cat?post=15149"},{"taxonomy":"product_tag","embeddable":true,"href":"https:\/\/marsquest.eu\/de\/wp-json\/wp\/v2\/product_tag?post=15149"}],"curies":[{"name":"wp","href":"https:\/\/api.w.org\/{rel}","templated":true}]}}