{"id":15230,"date":"2025-04-05T13:11:16","date_gmt":"2025-04-05T11:11:16","guid":{"rendered":"https:\/\/marsquest.eu\/?post_type=product&#038;p=15230"},"modified":"2025-04-05T13:12:49","modified_gmt":"2025-04-05T11:12:49","slug":"model-y-carbon-black-x-neon-blue","status":"publish","type":"product","link":"https:\/\/marsquest.eu\/de\/produkt\/model-y-carbon-black-x-neon-blue\/","title":{"rendered":"Model Y &#8211; Carbon Black x Neon Blue"},"content":{"rendered":"","protected":false},"excerpt":{"rendered":"<p><strong>Polarisierte Sonnenbrille mit 100% UVA\/UVB-Schutz<\/strong><\/p>\n<ul>\n<li>100% ochrona UVA\/UVB<\/li>\n<li>Soczewki nylonowe i ekologiczna oprawka EMS<\/li>\n<li>Elastyczna oprawka zapewniaj\u0105ca dodatkowy komfort<\/li>\n<li>Objektive der Kategorie 3<\/li>\n<li>Anti-Rutsch-Technologie<\/li>\n<li>Szeroko\u015b\u0107 frontu: 150 mm; d\u0142ugo\u015b\u0107 zausznik\u00f3w: 145 mm; wysoko\u015b\u0107: 55 mm; waga: 26 g<\/li>\n<li>Ein Mikrofaserbeutel ist im Lieferumfang enthalten<\/li>\n<li>1 rok gwarancji<\/li>\n<\/ul>","protected":false},"featured_media":15231,"comment_status":"open","ping_status":"closed","template":"","meta":{"_acf_changed":false},"product_cat":[241,240],"product_tag":[318],"class_list":{"0":"post-15230","1":"product","2":"type-product","3":"status-publish","4":"has-post-thumbnail","6":"product_cat-damskie","7":"product_cat-meskie","8":"product_tag-model-y","9":"pa_kolor-oprawki-carbon-black","10":"pa_kolor-soczewki-neon-blue","11":"pa_model-model-y","13":"first","14":"onbackorder","15":"shipping-taxable","16":"purchasable","17":"product-type-simple","swatches":"rey-swatches","show_selected":"","stretch_labels":"rey-swatches--stretch-labels"},"acf":[],"_links":{"self":[{"href":"https:\/\/marsquest.eu\/de\/wp-json\/wp\/v2\/product\/15230","targetHints":{"allow":["GET"]}}],"collection":[{"href":"https:\/\/marsquest.eu\/de\/wp-json\/wp\/v2\/product"}],"about":[{"href":"https:\/\/marsquest.eu\/de\/wp-json\/wp\/v2\/types\/product"}],"replies":[{"embeddable":true,"href":"https:\/\/marsquest.eu\/de\/wp-json\/wp\/v2\/comments?post=15230"}],"wp:featuredmedia":[{"embeddable":true,"href":"https:\/\/marsquest.eu\/de\/wp-json\/wp\/v2\/media\/15231"}],"wp:attachment":[{"href":"https:\/\/marsquest.eu\/de\/wp-json\/wp\/v2\/media?parent=15230"}],"wp:term":[{"taxonomy":"product_cat","embeddable":true,"href":"https:\/\/marsquest.eu\/de\/wp-json\/wp\/v2\/product_cat?post=15230"},{"taxonomy":"product_tag","embeddable":true,"href":"https:\/\/marsquest.eu\/de\/wp-json\/wp\/v2\/product_tag?post=15230"}],"curies":[{"name":"wp","href":"https:\/\/api.w.org\/{rel}","templated":true}]}}