{"id":14061,"date":"2024-12-05T01:53:25","date_gmt":"2024-12-05T00:53:25","guid":{"rendered":"https:\/\/marsquest.eu\/cart-2\/"},"modified":"2025-01-29T21:05:09","modified_gmt":"2025-01-29T20:05:09","slug":"koszyk","status":"publish","type":"page","link":"https:\/\/marsquest.eu\/fr\/koszyk\/","title":{"rendered":"Panier"},"content":{"rendered":"<div data-elementor-type=\"wp-page\" data-elementor-id=\"14061\" class=\"elementor elementor-14061\" data-elementor-post-type=\"page\">\n\t\t\t\t\t\t<section class=\"elementor-section elementor-top-section elementor-element elementor-element-62f51c4 elementor-section-boxed elementor-section-height-default elementor-section-height-default\" data-id=\"62f51c4\" data-element_type=\"section\">\n\t\t\t\t\t\t<div class=\"elementor-container elementor-column-gap-default\">\n\t\t\t\t\t<div class=\"elementor-column elementor-col-100 elementor-top-column elementor-element elementor-element-a2fc248\" data-id=\"a2fc248\" data-element_type=\"column\">\n\t\t\t<div class=\"elementor-column-wrap--a2fc248 elementor-widget-wrap elementor-element-populated\">\n\t\t\t\t\t\t<div class=\"elementor-element elementor-element-eb2e38d elementor-widget elementor-widget-heading\" data-id=\"eb2e38d\" data-element_type=\"widget\" data-widget_type=\"heading.default\">\n\t\t\t\t<div class=\"elementor-widget-container\">\n\t\t\t\t\t<h1 class=\"elementor-heading-title elementor-size-default\">Panier<\/h1>\t\t\t\t<\/div>\n\t\t\t\t<\/div>\n\t\t\t\t<div class=\"elementor-element elementor-element-4afd3ab elementor-widget elementor-widget-reycore-wc-cart\" data-id=\"4afd3ab\" data-element_type=\"widget\" data-widget_type=\"reycore-wc-cart.default\">\n\t\t\t\t<div class=\"elementor-widget-container\">\n\t\t\t\t\t\n\t\t<div class=\"woocommerce rey-cartPage --layout-custom --table-style-1 --totals-style-2 --totals-sticky\"> <div class=\"woocommerce-notices-wrapper\"><\/div>\n<div class=\"rey-cartPage rey-emptyCart\">\n\n\t<div class=\"rey-emptyCart-icon\">\n\t\t<svg aria-hidden=\"true\" role=\"img\" id=\"rey-icon-bag-69e59a4d1ac56\" class=\"rey-icon rey-icon-bag\" viewbox=\"0 0 24 24\"><path d=\"M21,3h-4.4C15.8,1.2,14,0,12,0S8.2,1.2,7.4,3H3C2.4,3,2,3.4,2,4v19c0,0.6,0.4,1,1,1h18c0.6,0,1-0.4,1-1V4  C22,3.4,21.6,3,21,3z M12,1c1.5,0,2.8,0.8,3.4,2H8.6C9.2,1.8,10.5,1,12,1z M20,22H4v-4h16V22z M20,17H4V5h3v4h1V5h8v4h1V5h3V17z\"\/><\/svg>\t<\/div>\n\n\t<div class=\"rey-emptyCart-title\">\n\t\t<h2 data-no-translation=\"\" data-trp-gettext=\"\">Votre panier est actuellement vide.<\/h2>\n\t<\/div>\n\n\t<div class=\"rey-emptyCart-content\">\n\n\t\t\t\t\t<p class=\"return-to-shop\">\n\t\t\t\t<a class=\"btn btn-primary wc-backward\" href=\"https:\/\/marsquest.eu\/fr\/sklep\/\">\n\t\t\t\t\tRetour \u00e0 la boutique\t\t\t\t<\/a>\n\t\t\t<\/p>\n\t\t\n\t<\/div>\n<\/div>\n\t\t<\/div>\t\t\t\t<\/div>\n\t\t\t\t<\/div>\n\t\t\t\t\t<\/div>\n\t\t<\/div>\n\t\t\t\t\t<\/div>\n\t\t<\/section>\n\t\t\t\t<\/div>","protected":false},"excerpt":{"rendered":"<p>Koszyk Produkt Cena Ilo\u015b\u0107 Kwota Ice Red x Neon Blue Usu\u0144 235.00&nbsp;&#122;&#322; ilo\u015b\u0107 Ice Red x Neon Blue 235.00&nbsp;&#122;&#322; Masz kod rabatowy ? Kupon: Zastosuj Zaktualizuj koszyk Podsumowanie koszyka Kwota 235.00&nbsp;&#122;&#322; \u0141\u0105cznie 235.00&nbsp;&#122;&#322; Przejd\u017a do p\u0142atno\u015bci<\/p>","protected":false},"author":1,"featured_media":0,"parent":0,"menu_order":0,"comment_status":"closed","ping_status":"closed","template":"template-builder.php","meta":{"_acf_changed":false,"footnotes":""},"class_list":["post-14061","page","type-page","status-publish","hentry"],"acf":[],"_links":{"self":[{"href":"https:\/\/marsquest.eu\/fr\/wp-json\/wp\/v2\/pages\/14061","targetHints":{"allow":["GET"]}}],"collection":[{"href":"https:\/\/marsquest.eu\/fr\/wp-json\/wp\/v2\/pages"}],"about":[{"href":"https:\/\/marsquest.eu\/fr\/wp-json\/wp\/v2\/types\/page"}],"author":[{"embeddable":true,"href":"https:\/\/marsquest.eu\/fr\/wp-json\/wp\/v2\/users\/1"}],"replies":[{"embeddable":true,"href":"https:\/\/marsquest.eu\/fr\/wp-json\/wp\/v2\/comments?post=14061"}],"version-history":[{"count":1,"href":"https:\/\/marsquest.eu\/fr\/wp-json\/wp\/v2\/pages\/14061\/revisions"}],"predecessor-version":[{"id":14991,"href":"https:\/\/marsquest.eu\/fr\/wp-json\/wp\/v2\/pages\/14061\/revisions\/14991"}],"wp:attachment":[{"href":"https:\/\/marsquest.eu\/fr\/wp-json\/wp\/v2\/media?parent=14061"}],"curies":[{"name":"wp","href":"https:\/\/api.w.org\/{rel}","templated":true}]}}