{"id":15161,"date":"2025-04-03T16:08:44","date_gmt":"2025-04-03T14:08:44","guid":{"rendered":"https:\/\/marsquest.eu\/?post_type=product&#038;p=15161"},"modified":"2025-08-01T22:32:36","modified_gmt":"2025-08-01T20:32:36","slug":"model-s-carbon-black-x-grey","status":"publish","type":"product","link":"https:\/\/marsquest.eu\/fr\/produit\/model-s-carbon-black-x-grey\/","title":{"rendered":"Model S &#8211; Carbon Black x Grey"},"content":{"rendered":"","protected":false},"excerpt":{"rendered":"<p><strong>Lunettes de soleil polaris\u00e9es avec protection 100% UVA\/UVB<\/strong><\/p>\n<ul>\n<li>Polaryzowane okulary przeciws\u0142oneczne z 100% ochron\u0105 UVA\/UVB<\/li>\n<li>Verres en triac\u00e9tate et monture EMS de haute qualit\u00e9<\/li>\n<li>Regulowane ko\u0144c\u00f3wki zausznik\u00f3w dla wygodnego dopasowania i gwarancji niezsuwania si\u0119<\/li>\n<li>Largeur avant : 140 mm ; hauteur : 50 mm ; poids : 16 g<\/li>\n<li>Un sac en microfibre est inclus<\/li>\n<li>Garantie constructeur d&#039;un an<\/li>\n<\/ul>","protected":false},"featured_media":15162,"comment_status":"open","ping_status":"closed","template":"","meta":{"_acf_changed":false},"product_cat":[241,240,284],"product_tag":[301],"class_list":{"0":"post-15161","1":"product","2":"type-product","3":"status-publish","4":"has-post-thumbnail","6":"product_cat-damskie","7":"product_cat-meskie","8":"product_cat-sport","9":"product_tag-model-s","10":"pa_kolor-oprawki-carbon-black","11":"pa_kolor-soczewki-grey","12":"pa_model-model-s","14":"first","15":"onbackorder","16":"shipping-taxable","17":"purchasable","18":"product-type-simple","swatches":"rey-swatches","show_selected":"","stretch_labels":"rey-swatches--stretch-labels"},"acf":[],"_links":{"self":[{"href":"https:\/\/marsquest.eu\/fr\/wp-json\/wp\/v2\/product\/15161","targetHints":{"allow":["GET"]}}],"collection":[{"href":"https:\/\/marsquest.eu\/fr\/wp-json\/wp\/v2\/product"}],"about":[{"href":"https:\/\/marsquest.eu\/fr\/wp-json\/wp\/v2\/types\/product"}],"replies":[{"embeddable":true,"href":"https:\/\/marsquest.eu\/fr\/wp-json\/wp\/v2\/comments?post=15161"}],"wp:featuredmedia":[{"embeddable":true,"href":"https:\/\/marsquest.eu\/fr\/wp-json\/wp\/v2\/media\/15162"}],"wp:attachment":[{"href":"https:\/\/marsquest.eu\/fr\/wp-json\/wp\/v2\/media?parent=15161"}],"wp:term":[{"taxonomy":"product_cat","embeddable":true,"href":"https:\/\/marsquest.eu\/fr\/wp-json\/wp\/v2\/product_cat?post=15161"},{"taxonomy":"product_tag","embeddable":true,"href":"https:\/\/marsquest.eu\/fr\/wp-json\/wp\/v2\/product_tag?post=15161"}],"curies":[{"name":"wp","href":"https:\/\/api.w.org\/{rel}","templated":true}]}}