{"id":15222,"date":"2025-04-05T12:47:14","date_gmt":"2025-04-05T10:47:14","guid":{"rendered":"https:\/\/marsquest.eu\/?post_type=product&#038;p=15222"},"modified":"2025-04-05T12:52:44","modified_gmt":"2025-04-05T10:52:44","slug":"model-y-fire-red","status":"publish","type":"product","link":"https:\/\/marsquest.eu\/fr\/produit\/model-y-fire-red\/","title":{"rendered":"Model Y &#8211; Fire Red"},"content":{"rendered":"","protected":false},"excerpt":{"rendered":"<p><strong>Lunettes de soleil polaris\u00e9es avec protection 100% UVA\/UVB<\/strong><\/p>\n<ul>\n<li>100% ochrona UVA\/UVB<\/li>\n<li>Soczewki nylonowe i ekologiczna oprawka EMS<\/li>\n<li>Elastyczna oprawka zapewniaj\u0105ca dodatkowy komfort<\/li>\n<li>Verres de cat\u00e9gorie 3<\/li>\n<li>Technologie antid\u00e9rapante<\/li>\n<li>Szeroko\u015b\u0107 frontu: 150 mm; d\u0142ugo\u015b\u0107 zausznik\u00f3w: 145 mm; wysoko\u015b\u0107: 55 mm; waga: 26 g<\/li>\n<li>Un sac en microfibre est inclus<\/li>\n<li>1 rok gwarancji<\/li>\n<\/ul>","protected":false},"featured_media":15223,"comment_status":"open","ping_status":"closed","template":"","meta":{"_acf_changed":false},"product_cat":[241,240],"product_tag":[318],"class_list":{"0":"post-15222","1":"product","2":"type-product","3":"status-publish","4":"has-post-thumbnail","6":"product_cat-damskie","7":"product_cat-meskie","8":"product_tag-model-y","9":"pa_kolor-oprawki-fire-red","10":"pa_kolor-soczewki-fire-red","11":"pa_model-model-y","13":"first","14":"onbackorder","15":"shipping-taxable","16":"purchasable","17":"product-type-simple","swatches":"rey-swatches","show_selected":"","stretch_labels":"rey-swatches--stretch-labels"},"acf":[],"_links":{"self":[{"href":"https:\/\/marsquest.eu\/fr\/wp-json\/wp\/v2\/product\/15222","targetHints":{"allow":["GET"]}}],"collection":[{"href":"https:\/\/marsquest.eu\/fr\/wp-json\/wp\/v2\/product"}],"about":[{"href":"https:\/\/marsquest.eu\/fr\/wp-json\/wp\/v2\/types\/product"}],"replies":[{"embeddable":true,"href":"https:\/\/marsquest.eu\/fr\/wp-json\/wp\/v2\/comments?post=15222"}],"wp:featuredmedia":[{"embeddable":true,"href":"https:\/\/marsquest.eu\/fr\/wp-json\/wp\/v2\/media\/15223"}],"wp:attachment":[{"href":"https:\/\/marsquest.eu\/fr\/wp-json\/wp\/v2\/media?parent=15222"}],"wp:term":[{"taxonomy":"product_cat","embeddable":true,"href":"https:\/\/marsquest.eu\/fr\/wp-json\/wp\/v2\/product_cat?post=15222"},{"taxonomy":"product_tag","embeddable":true,"href":"https:\/\/marsquest.eu\/fr\/wp-json\/wp\/v2\/product_tag?post=15222"}],"curies":[{"name":"wp","href":"https:\/\/api.w.org\/{rel}","templated":true}]}}