{"id":13333,"date":"2024-11-19T12:50:10","date_gmt":"2024-11-19T11:50:10","guid":{"rendered":"https:\/\/marsquest.eu\/?post_type=product&#038;p=13333"},"modified":"2025-01-30T14:55:50","modified_gmt":"2025-01-30T13:55:50","slug":"crystal-x-neon-red","status":"publish","type":"product","link":"https:\/\/marsquest.eu\/ru\/product\/crystal-x-neon-red\/","title":{"rendered":"\u041a\u0440\u0438\u0441\u0442\u0430\u043b\u043b x \u041d\u0435\u043e\u043d\u043e\u0432\u043e-\u043a\u0440\u0430\u0441\u043d\u044b\u0439"},"content":{"rendered":"","protected":false},"excerpt":{"rendered":"<p><strong>Opis<\/strong><\/p>\n<ul>\n<li><strong>Polaryzacyjne okulary przeciws\u0142oneczne<\/strong><\/li>\n<li><strong>Soczewki z triacetatu<\/strong> z 100% ochron\u0105 przed promieniowaniem UVA\/UVB<\/li>\n<li><strong>Wysokiej jako\u015bci oprawka EMS<\/strong> i mocowanie ze stali nierdzewnej<\/li>\n<li><strong>Elastyczna oprawka<\/strong>, kt\u00f3ra dopasowuje si\u0119 do ka\u017cdego kszta\u0142tu twarzy<\/li>\n<li><strong>Najwy\u017cszej jako\u015bci zawiasy spr\u0119\u017cynowe<\/strong><\/li>\n<li><strong>\u041f\u0440\u043e\u0442\u0438\u0432\u043e\u0441\u043a\u043e\u043b\u044c\u0437\u044f\u0449\u0430\u044f \u0442\u0435\u0445\u043d\u043e\u043b\u043e\u0433\u0438\u044f<\/strong><\/li>\n<li><strong>Szeroko\u015b\u0107 przodu<\/strong>: 146 mm; <strong>wysoko\u015b\u0107<\/strong>: 53 mm; <strong>waga<\/strong>: 24 g<\/li>\n<li><strong>W zestawie sk\u00f3rzane etui oraz \u015bciereczka z mikrofibry<\/strong><\/li>\n<li><strong>1 rok gwarancji producenta<\/strong><\/li>\n<\/ul>","protected":false},"featured_media":13334,"comment_status":"open","ping_status":"closed","template":"","meta":{"_acf_changed":false},"product_cat":[241,240,284],"product_tag":[285],"class_list":{"0":"post-13333","1":"product","2":"type-product","3":"status-publish","4":"has-post-thumbnail","6":"product_cat-damskie","7":"product_cat-meskie","8":"product_cat-sport","9":"product_tag-gravity","10":"pa_kolor-oprawki-crystal","11":"pa_kolor-soczewki-neon-red","12":"pa_model-gravity","14":"first","15":"instock","16":"shipping-taxable","17":"purchasable","18":"product-type-simple","swatches":"rey-swatches","show_selected":"","stretch_labels":"rey-swatches--stretch-labels"},"acf":[],"_links":{"self":[{"href":"https:\/\/marsquest.eu\/ru\/wp-json\/wp\/v2\/product\/13333","targetHints":{"allow":["GET"]}}],"collection":[{"href":"https:\/\/marsquest.eu\/ru\/wp-json\/wp\/v2\/product"}],"about":[{"href":"https:\/\/marsquest.eu\/ru\/wp-json\/wp\/v2\/types\/product"}],"replies":[{"embeddable":true,"href":"https:\/\/marsquest.eu\/ru\/wp-json\/wp\/v2\/comments?post=13333"}],"wp:featuredmedia":[{"embeddable":true,"href":"https:\/\/marsquest.eu\/ru\/wp-json\/wp\/v2\/media\/13334"}],"wp:attachment":[{"href":"https:\/\/marsquest.eu\/ru\/wp-json\/wp\/v2\/media?parent=13333"}],"wp:term":[{"taxonomy":"product_cat","embeddable":true,"href":"https:\/\/marsquest.eu\/ru\/wp-json\/wp\/v2\/product_cat?post=13333"},{"taxonomy":"product_tag","embeddable":true,"href":"https:\/\/marsquest.eu\/ru\/wp-json\/wp\/v2\/product_tag?post=13333"}],"curies":[{"name":"wp","href":"https:\/\/api.w.org\/{rel}","templated":true}]}}