{"id":15157,"date":"2025-04-03T16:06:33","date_gmt":"2025-04-03T14:06:33","guid":{"rendered":"https:\/\/marsquest.eu\/?post_type=product&#038;p=15157"},"modified":"2025-08-01T22:33:12","modified_gmt":"2025-08-01T20:33:12","slug":"model-s-carbon-black-x-rose","status":"publish","type":"product","link":"https:\/\/marsquest.eu\/ru\/product\/model-s-carbon-black-x-rose\/","title":{"rendered":"Model S &#8211; Carbon Black x Rose"},"content":{"rendered":"","protected":false},"excerpt":{"rendered":"<p><strong>\u041f\u043e\u043b\u044f\u0440\u0438\u0437\u0430\u0446\u0438\u043e\u043d\u043d\u044b\u0435 \u0441\u043e\u043b\u043d\u0446\u0435\u0437\u0430\u0449\u0438\u0442\u043d\u044b\u0435 \u043e\u0447\u043a\u0438 \u0441 \u0437\u0430\u0449\u0438\u0442\u043e\u0439 100% UVA\/UVB.<\/strong><\/p>\n<ul>\n<li>Polaryzowane okulary przeciws\u0142oneczne z 100% ochron\u0105 UVA\/UVB<\/li>\n<li>\u0422\u0440\u0438\u0430\u0446\u0435\u0442\u0430\u0442\u043d\u044b\u0435 \u043b\u0438\u043d\u0437\u044b \u0438 \u0432\u044b\u0441\u043e\u043a\u043e\u043a\u0430\u0447\u0435\u0441\u0442\u0432\u0435\u043d\u043d\u0430\u044f \u043e\u043f\u0440\u0430\u0432\u0430 EMS.<\/li>\n<li>Regulowane ko\u0144c\u00f3wki zausznik\u00f3w dla wygodnego dopasowania i gwarancji niezsuwania si\u0119<\/li>\n<li>\u0428\u0438\u0440\u0438\u043d\u0430 \u0444\u0430\u0441\u0430\u0434\u0430: 140 \u043c\u043c; \u0432\u044b\u0441\u043e\u0442\u0430: 50 \u043c\u043c; \u0432\u0435\u0441: 16 \u0433<\/li>\n<li>\u0412 \u043a\u043e\u043c\u043f\u043b\u0435\u043a\u0442 \u0432\u0445\u043e\u0434\u0438\u0442 \u043c\u0435\u0448\u043e\u0447\u0435\u043a \u0438\u0437 \u043c\u0438\u043a\u0440\u043e\u0444\u0438\u0431\u0440\u044b.<\/li>\n<li>\u0413\u0430\u0440\u0430\u043d\u0442\u0438\u044f \u043f\u0440\u043e\u0438\u0437\u0432\u043e\u0434\u0438\u0442\u0435\u043b\u044f \u043e\u0434\u0438\u043d \u0433\u043e\u0434<\/li>\n<\/ul>","protected":false},"featured_media":15158,"comment_status":"open","ping_status":"closed","template":"","meta":{"_acf_changed":false},"product_cat":[241,240,284],"product_tag":[301],"class_list":{"0":"post-15157","1":"product","2":"type-product","3":"status-publish","4":"has-post-thumbnail","6":"product_cat-damskie","7":"product_cat-meskie","8":"product_cat-sport","9":"product_tag-model-s","10":"pa_kolor-oprawki-carbon-black","11":"pa_kolor-soczewki-rose","12":"pa_model-model-s","14":"first","15":"onbackorder","16":"shipping-taxable","17":"purchasable","18":"product-type-simple","swatches":"rey-swatches","show_selected":"","stretch_labels":"rey-swatches--stretch-labels"},"acf":[],"_links":{"self":[{"href":"https:\/\/marsquest.eu\/ru\/wp-json\/wp\/v2\/product\/15157","targetHints":{"allow":["GET"]}}],"collection":[{"href":"https:\/\/marsquest.eu\/ru\/wp-json\/wp\/v2\/product"}],"about":[{"href":"https:\/\/marsquest.eu\/ru\/wp-json\/wp\/v2\/types\/product"}],"replies":[{"embeddable":true,"href":"https:\/\/marsquest.eu\/ru\/wp-json\/wp\/v2\/comments?post=15157"}],"wp:featuredmedia":[{"embeddable":true,"href":"https:\/\/marsquest.eu\/ru\/wp-json\/wp\/v2\/media\/15158"}],"wp:attachment":[{"href":"https:\/\/marsquest.eu\/ru\/wp-json\/wp\/v2\/media?parent=15157"}],"wp:term":[{"taxonomy":"product_cat","embeddable":true,"href":"https:\/\/marsquest.eu\/ru\/wp-json\/wp\/v2\/product_cat?post=15157"},{"taxonomy":"product_tag","embeddable":true,"href":"https:\/\/marsquest.eu\/ru\/wp-json\/wp\/v2\/product_tag?post=15157"}],"curies":[{"name":"wp","href":"https:\/\/api.w.org\/{rel}","templated":true}]}}